{"id":25857,"date":"2023-08-27T03:57:25","date_gmt":"2023-08-27T03:57:25","guid":{"rendered":"https:\/\/demo2wpopal.b-cdn.net\/smartic\/product\/sleek-bronze-pants\/"},"modified":"2024-01-22T09:03:57","modified_gmt":"2024-01-22T09:03:57","slug":"radinov-cream-100-gm","status":"publish","type":"product","link":"https:\/\/hmapharmagroup.com\/hma\/index.php\/product\/radinov-cream-100-gm\/","title":{"rendered":"Radinov Massage Cream"},"content":{"rendered":"<p>Radinov cream<\/p>\n<p>Ingredients<\/p>\n<p>Camphor Oil, Eucalyptus Oil, Peppermint oil, Vitamin E, Panthenol, Glycerin, Menthol, Clove extract, glyceryl monostearate, cetyl alcohol, Stearic Acid, Phenoxyethanol, triethanolamine, Thyme extract, Water.<\/p>\n<p>Ingr\u00e9dients<\/p>\n<p>Huile de camphre, huile d&#8217;eucalyptus, huile de menthe poivr\u00e9e, vitamine E, panth\u00e9nol, glyc\u00e9rine, menthol, extrait de clou de girofle, monost\u00e9arate de glyc\u00e9ryle, alcool c\u00e9tylique, acide st\u00e9arique, ph\u00e9noxy\u00e9thanol, tri\u00e9thanolamine, extrait de thym, eau.<\/p>\n<p>Radinov cream<\/p>\n<p>Skin massage cream<\/p>\n<p>With camphor, menthol and peppermint that helps body relaxation, moisturize, nourish and refreshing the skin and It can help to alleviate stress .<\/p>\n<p>Cr\u00e8me de massage de la peau<\/p>\n<p>Avec du camphre, du menthol et de la menthe poivr\u00e9e qui aide \u00e0 la relaxation du corps, hydrate, nourrit et rafra\u00eechit la peau et peut aider \u00e0 soulager le stress.<\/p>\n<p>USAGE: Apply a suitable amount of Radinov cream on the skin with gentle massage when needed<\/p>\n<p>Utilisation : Appliquer une quantit\u00e9 appropri\u00e9e de Radinov cream sur la peau en massant doucement si n\u00e9cessaire<\/p>\n<p>\u0643\u064a\u0641\u064a\u0629 \u0627\u0644\u0627\u0633\u062a\u0639\u0645\u0627\u0644: \u062a\u0648\u0636\u0639 \u0643\u0645\u064a\u0629 \u0645\u0646\u0627\u0633\u0628\u0629 \u0645\u0646 \u0627\u0644\u0643\u0631\u064a\u0645 \u0639\u0644\u0649 \u0627\u0644\u062c\u0644\u062f \u0645\u0639 \u062a\u062f\u0644\u064a\u0643 \u0644\u0637\u064a\u0641 \u0639\u0646\u062f \u0627\u0644\u062d\u0627\u062c\u0629<\/p>\n<p>\u0643\u0631\u064a\u0645 \u0645\u0633\u0627\u062c \u0644\u0644\u062c\u0644\u062f<\/p>\n<p>Precaution &amp; storage<\/p>\n<p>For external use only<\/p>\n<p>Avoid contact with eyes<\/p>\n<p>Keep out of the reach of the children<\/p>\n<p>Keep at room temperature not exceeded 30 0c<\/p>\n<p>Pr\u00e9caution &amp; stockage<\/p>\n<p>Pour usage externe uniquement<\/p>\n<p>\u00c9viter le contact visuel<\/p>\n<p>Tenir hors de port\u00e9e des enfants<\/p>\n<p>Conserver \u00e0 temp\u00e9rature ambiante ne d\u00e9passant pas 30 oc<\/p>\n<p>Cosmetic product<\/p>\n<p><strong>EDA.Notification No.: 71558\/2021<\/strong><\/p>\n<p>Manufactured by Smartec for pharmaceuticals &amp; cosmetics for HMA pharma Group<\/p>\n<p>Made In Egypt<\/p>\n<p>&nbsp;<\/p>\n","protected":false},"excerpt":{"rendered":"<p>\u0631\u0627\u062f\u064a\u0646\u0648\u0641 \u060c \u0643\u0631\u064a\u0645 \u0645\u0633\u0627\u062c\u060c \u0645\u0633\u0643\u0646 \u0644\u0644\u0623\u0644\u0645 \u0648\u0627\u0644\u0627\u0644\u062a\u0647\u0627\u0628\u0627\u062a &#8211; 100 \u062c\u0631\u0627\u0645<\/p>\n","protected":false},"featured_media":26780,"comment_status":"open","ping_status":"closed","template":"","meta":{"inline_featured_image":false,"_themeisle_gutenberg_block_has_review":false},"product_cat":[74],"product_tag":[],"_links":{"self":[{"href":"https:\/\/hmapharmagroup.com\/hma\/index.php\/wp-json\/wp\/v2\/product\/25857"}],"collection":[{"href":"https:\/\/hmapharmagroup.com\/hma\/index.php\/wp-json\/wp\/v2\/product"}],"about":[{"href":"https:\/\/hmapharmagroup.com\/hma\/index.php\/wp-json\/wp\/v2\/types\/product"}],"replies":[{"embeddable":true,"href":"https:\/\/hmapharmagroup.com\/hma\/index.php\/wp-json\/wp\/v2\/comments?post=25857"}],"wp:featuredmedia":[{"embeddable":true,"href":"https:\/\/hmapharmagroup.com\/hma\/index.php\/wp-json\/wp\/v2\/media\/26780"}],"wp:attachment":[{"href":"https:\/\/hmapharmagroup.com\/hma\/index.php\/wp-json\/wp\/v2\/media?parent=25857"}],"wp:term":[{"taxonomy":"product_cat","embeddable":true,"href":"https:\/\/hmapharmagroup.com\/hma\/index.php\/wp-json\/wp\/v2\/product_cat?post=25857"},{"taxonomy":"product_tag","embeddable":true,"href":"https:\/\/hmapharmagroup.com\/hma\/index.php\/wp-json\/wp\/v2\/product_tag?post=25857"}],"curies":[{"name":"wp","href":"https:\/\/api.w.org\/{rel}","templated":true}]}}