{"id":26104,"date":"2023-08-01T18:14:39","date_gmt":"2023-08-01T18:14:39","guid":{"rendered":"https:\/\/hmapharmagroup.com\/hma\/?post_type=product&#038;p=26104"},"modified":"2025-04-12T13:12:27","modified_gmt":"2025-04-12T13:12:27","slug":"radinov-gel-100g","status":"publish","type":"product","link":"https:\/\/hmapharmagroup.com\/hma\/index.php\/product\/radinov-gel-100g\/","title":{"rendered":"Radinov Massage Gel"},"content":{"rendered":"<p>Radinov Gel<\/p>\n<p>Ingredients<\/p>\n<p>Panthenol, Thyme oil, Glycerin, Peppermint oil, Eucalyptus oil, Tocopherol (vitamin E), Clove oil, Camphor oil, Paraffinum liquidum, Menthol, Green tea extract, Canola oil, Carbomer, Xanthan gum, Propylene glycol, Triethanolamine, Sodium benzoate, CMC(Carboxymethyl Cellulose), Water.<\/p>\n<p>Ingr\u00e9dients<\/p>\n<p>Panth\u00e9nol, Huile de thym, Glyc\u00e9rine, Huile de menthe poivr\u00e9e, Huile d&#8217;eucalyptus, Tocoph\u00e9rol (vitamine E), Huile de girofle, Huile de camphre, Paraffinum liquidum, Menthol, Extrait de th\u00e9 vert, Huile de canola, Carbom\u00e8re, Gomme de xanthane, Propyl\u00e8ne glycol, Tri\u00e9thanolamine, Benzoate de sodium, CMC (Carboxym\u00e9thyl Cellulose), Eau.<\/p>\n<p>Radinov Gel<\/p>\n<p>Skin massage gel<\/p>\n<p>Is helping body relaxation, moisturize, nourish and refreshing the skin and It can help to alleviate stress .<\/p>\n<p>Gel de massage pour la peau<\/p>\n<p>Aide \u00e0 la relaxation du corps, hydrate, nourrit et rafra\u00eechit la peau et peut aider \u00e0 soulager le stress.<\/p>\n<p>USAGE: Apply a suitable amount of Radinov gel on the skin with gentle massage when needed<\/p>\n<p>Utilisation : Appliquer une quantit\u00e9 appropri\u00e9e de Radinov gel sur la peau en massant doucement si n\u00e9cessaire<\/p>\n<p>\u0643\u064a\u0641\u064a\u0629 \u0627\u0644\u0627\u0633\u062a\u0639\u0645\u0627\u0644: \u062a\u0648\u0636\u0639 \u0643\u0645\u064a\u0629 \u0645\u0646\u0627\u0633\u0628\u0629 \u0645\u0646 \u0627\u0644\u062c\u0644 \u0639\u0644\u0649 \u0627\u0644\u062c\u0644\u062f \u0645\u0639 \u062a\u062f\u0644\u064a\u0643 \u0644\u0637\u064a\u0641 \u0639\u0646\u062f \u0627\u0644\u062d\u0627\u062c\u0629<\/p>\n<p>\u062c\u0644 \u0645\u0633\u0627\u062c \u0644\u0644\u062c\u0644\u062f<\/p>\n<p>Precaution &amp; storage<\/p>\n<p>For external use only<\/p>\n<p>Avoid contact with eyes<\/p>\n<p>Keep out of the reach of the children<\/p>\n<p>Keep at room temperature not exceeded 30 0c<\/p>\n<p>&nbsp;<\/p>\n<p>Pr\u00e9caution &amp; stockage<\/p>\n<p>Pour usage externe uniquement<\/p>\n<p>\u00c9viter le contact visuel<\/p>\n<p>Tenir hors de port\u00e9e des enfants<\/p>\n<p>Conserver \u00e0 temp\u00e9rature ambiante ne d\u00e9passant pas 30 oc<\/p>\n<p>&nbsp;<\/p>\n<p>Cosmetic product<\/p>\n<p><strong>EDA.Notification No.:\u00a0 69651\/2021<\/strong><\/p>\n<p>Manufactured by Smartec for pharmaceuticals &amp; cosmetics for <a href=\"https:\/\/hmapharmagroup.com\/\">HMA pharma Group<\/a><\/p>\n<p>Made In Egypt<\/p>\n<p>&nbsp;<\/p>\n","protected":false},"excerpt":{"rendered":"<p>Radinov Massage Gel 100 gm<\/p>\n","protected":false},"featured_media":26777,"comment_status":"open","ping_status":"closed","template":"","meta":{"inline_featured_image":false,"_themeisle_gutenberg_block_has_review":false},"product_cat":[74],"product_tag":[],"_links":{"self":[{"href":"https:\/\/hmapharmagroup.com\/hma\/index.php\/wp-json\/wp\/v2\/product\/26104"}],"collection":[{"href":"https:\/\/hmapharmagroup.com\/hma\/index.php\/wp-json\/wp\/v2\/product"}],"about":[{"href":"https:\/\/hmapharmagroup.com\/hma\/index.php\/wp-json\/wp\/v2\/types\/product"}],"replies":[{"embeddable":true,"href":"https:\/\/hmapharmagroup.com\/hma\/index.php\/wp-json\/wp\/v2\/comments?post=26104"}],"wp:featuredmedia":[{"embeddable":true,"href":"https:\/\/hmapharmagroup.com\/hma\/index.php\/wp-json\/wp\/v2\/media\/26777"}],"wp:attachment":[{"href":"https:\/\/hmapharmagroup.com\/hma\/index.php\/wp-json\/wp\/v2\/media?parent=26104"}],"wp:term":[{"taxonomy":"product_cat","embeddable":true,"href":"https:\/\/hmapharmagroup.com\/hma\/index.php\/wp-json\/wp\/v2\/product_cat?post=26104"},{"taxonomy":"product_tag","embeddable":true,"href":"https:\/\/hmapharmagroup.com\/hma\/index.php\/wp-json\/wp\/v2\/product_tag?post=26104"}],"curies":[{"name":"wp","href":"https:\/\/api.w.org\/{rel}","templated":true}]}}