{"id":26106,"date":"2023-08-01T18:15:13","date_gmt":"2023-08-01T18:15:13","guid":{"rendered":"https:\/\/hmapharmagroup.com\/hma\/?post_type=product&#038;p=26106"},"modified":"2025-03-22T01:21:47","modified_gmt":"2025-03-22T01:21:47","slug":"radinov-spray-125-gm","status":"publish","type":"product","link":"https:\/\/hmapharmagroup.com\/hma\/index.php\/product\/radinov-spray-125-gm\/","title":{"rendered":"Radinov Spray"},"content":{"rendered":"<p><strong>Radinov Spray<\/strong><\/p>\n<p><strong>Ingredients<\/strong><\/p>\n<p><strong>Panthenol, Thyme oil, Glycerin, Peppermint oil, Eucalyptus oil, Tocopherol, Clove oil, Camphor oil, Canola oil, Paraffinum liquidum, Eugenol, Menthol, Green tea extract, Tea tree oil, Propylene glycol, Tween 20, Triethanolamine, Isopropyl alcohol 70 %, Methylparaben, Propylparaben, Water.<\/strong><\/p>\n<p><strong>\u00a0<\/strong><\/p>\n<p><strong>Ingr\u00e9dients<\/strong><\/p>\n<p><strong>Panth\u00e9nol, Huile de thym, Glyc\u00e9rine, Huile de menthe poivr\u00e9e, Huile d&#8217;eucalyptus, Tocoph\u00e9rol, Huile de girofle, Huile de camphre, Huile de canola, Paraffinum liquidum, Eug\u00e9nol, Menthol, Extrait de th\u00e9 vert, Huile d&#8217;arbre \u00e0 th\u00e9, Propyl\u00e8ne glycol, Tween 20, Tri\u00e9thanolamine, Alcool isopropylique 70 %, M\u00e9thylparab\u00e8ne, Propylparab\u00e8ne, Eau.<\/strong><\/p>\n<p><strong>\u00a0<\/strong><\/p>\n<p><strong>Radinov Spray<\/strong><\/p>\n<p><strong>Skin massage Spray <\/strong><\/p>\n<p><strong>Is helping body relaxation,<\/strong> <strong>moisturize, nourish and refreshing the skin and<\/strong> <strong>It can help to alleviate stress .<\/strong><\/p>\n<p><strong>\u00a0<\/strong><\/p>\n<p><strong>Massage de la peau Spray<\/strong><\/p>\n<p><strong>Aide \u00e0 la relaxation du corps, hydrate, nourrit et rafra\u00eechit la peau et peut aider \u00e0 soulager le stress.<\/strong><\/p>\n<p>&nbsp;<\/p>\n<p>&nbsp;<\/p>\n<p><strong>USAGE<\/strong>: Shake well before use. then spray a suitable amount on the target area when needed<\/p>\n<p><strong>Utilisation : <\/strong>Bien agiter avant de servir. puis vaporisez une quantit\u00e9 appropri\u00e9e sur la zone cible si n\u00e9cessaire<\/p>\n<p><strong>\u0643\u064a\u0641\u064a\u0629 \u0627\u0644\u0627\u0633\u062a\u0639\u0645\u0627\u0644:<\/strong> <strong>\u064a\u064f\u0631\u062c \u062c\u064a\u062f\u0627\u064b \u0642\u0628\u0644 \u0627\u0644\u0627\u0633\u062a\u062e\u062f\u0627\u0645. \u062b\u0645 \u0631\u0634 \u0643\u0645\u064a\u0629 \u0645\u0646\u0627\u0633\u0628\u0629 \u0639\u0644\u0649 \u0627\u0644\u0645\u0646\u0637\u0642\u0629 \u0627\u0644\u0645\u0633\u062a\u0647\u062f\u0641\u0629 \u0639\u0646\u062f \u0627\u0644\u062d\u0627\u062c\u0629<\/strong><\/p>\n<p><strong>\u062c\u0644 \u0645\u0633\u0627\u062c \u0644\u0644\u062c\u0644\u062f<\/strong><\/p>\n<p>&nbsp;<\/p>\n<p><strong>\u00a0<\/strong><\/p>\n<p><strong>Precaution &amp; storage <\/strong><\/p>\n<p>For external use only<\/p>\n<p>Avoid contact with eyes<\/p>\n<p>Keep out of the reach of the children<\/p>\n<p>Keep at room temperature not exceeded 30 0c<\/p>\n<p>&nbsp;<\/p>\n<p><strong>Pr\u00e9caution &amp; stockage<\/strong><\/p>\n<p>Pour usage externe uniquement<\/p>\n<p>\u00c9viter le contact visuel<\/p>\n<p>Tenir hors de port\u00e9e des enfants<\/p>\n<p>Conserver \u00e0 temp\u00e9rature ambiante ne d\u00e9passant pas 30 oc<\/p>\n<p>&nbsp;<\/p>\n<p><strong>Cosmetic product<\/strong><\/p>\n<p><strong>EDA.Notification No.: <\/strong><\/p>\n<p><strong>Manufactured by Smartec for pharmaceuticals &amp; cosmetics for HMA pharma Group<\/strong><\/p>\n<p><strong>Made In Egypt<\/strong><\/p>\n<p>&nbsp;<\/p>\n","protected":false},"excerpt":{"rendered":"<p>\u0631\u0627\u062f\u064a\u0646\u0648\u0641 \u060c \u0643\u0631\u064a\u0645 \u0645\u0633\u0627\u062c\u060c \u0645\u0633\u0643\u0646 \u0644\u0644\u0623\u0644\u0645 \u0648\u0627\u0644\u0627\u0644\u062a\u0647\u0627\u0628\u0627\u062a &#8211; 125 \u0645\u0645<\/p>\n","protected":false},"featured_media":26782,"comment_status":"open","ping_status":"closed","template":"","meta":{"inline_featured_image":false,"_themeisle_gutenberg_block_has_review":false},"product_cat":[74],"product_tag":[],"_links":{"self":[{"href":"https:\/\/hmapharmagroup.com\/hma\/index.php\/wp-json\/wp\/v2\/product\/26106"}],"collection":[{"href":"https:\/\/hmapharmagroup.com\/hma\/index.php\/wp-json\/wp\/v2\/product"}],"about":[{"href":"https:\/\/hmapharmagroup.com\/hma\/index.php\/wp-json\/wp\/v2\/types\/product"}],"replies":[{"embeddable":true,"href":"https:\/\/hmapharmagroup.com\/hma\/index.php\/wp-json\/wp\/v2\/comments?post=26106"}],"wp:featuredmedia":[{"embeddable":true,"href":"https:\/\/hmapharmagroup.com\/hma\/index.php\/wp-json\/wp\/v2\/media\/26782"}],"wp:attachment":[{"href":"https:\/\/hmapharmagroup.com\/hma\/index.php\/wp-json\/wp\/v2\/media?parent=26106"}],"wp:term":[{"taxonomy":"product_cat","embeddable":true,"href":"https:\/\/hmapharmagroup.com\/hma\/index.php\/wp-json\/wp\/v2\/product_cat?post=26106"},{"taxonomy":"product_tag","embeddable":true,"href":"https:\/\/hmapharmagroup.com\/hma\/index.php\/wp-json\/wp\/v2\/product_tag?post=26106"}],"curies":[{"name":"wp","href":"https:\/\/api.w.org\/{rel}","templated":true}]}}