{"id":26108,"date":"2023-07-01T18:17:34","date_gmt":"2023-07-01T18:17:34","guid":{"rendered":"https:\/\/hmapharmagroup.com\/hma\/?post_type=product&#038;p=26108"},"modified":"2024-01-22T09:00:26","modified_gmt":"2024-01-22T09:00:26","slug":"hma-panthenol-cream","status":"publish","type":"product","link":"https:\/\/hmapharmagroup.com\/hma\/index.php\/product\/hma-panthenol-cream\/","title":{"rendered":"HMA Panthenol skin cream"},"content":{"rendered":"<p>HMA Panthenol skin cream<\/p>\n<p>Ingredients<\/p>\n<p>ALMOND OIL (PRUNUS AMYGDALUS DULCIS OIL), PANTHENOL, TOCOPHRYL ACETATE, CERAMIDE 3, ALOE VERA EXTRACT (ALOE BARBADENSIS EXTRACT), BEESWAX, Shea Butter (Butyrospermum Parkii Butter), Panto lactone, Isopropyl myrisate, Lanolin, Grape seed oil, Safflower seed oil, GLYCERIN, WATER.<\/p>\n<p>Ingr\u00e9dients<\/p>\n<p>HUILE D&#8217;AMANDE (HUILE DE PRUNUS AMYGDALUS DULCIS), PANTHENOL, ACETATE DE TOCOPHRYLE, CERAMIDE 3, EXTRAIT D&#8217;ALOE VERA (EXTRAIT D&#8217;ALOE BARBADENSIS), CIRE D&#8217;ABEILLE, Beurre de karit\u00e9 (Butyrospermum Parkii Butter), Panto lactone, Myrisate d&#8217;isopropyle, Lanoline, Huile de p\u00e9pins de raisin, Huile de p\u00e9pins de carthame , GLYC\u00c9RINE, EAU.<\/p>\n<p>HMA Panthenol skin cream<\/p>\n<p>Skin soothing &amp; emollient cream<\/p>\n<p>With Aloe vera, panthenol and Shea Butter help soothing and moisturizing the skin.<\/p>\n<p>ALMOND OIL, Grape seed oil and Safflower seed oil are employed to soften the skin and forming a very thin layer acting as a barrier to protect the skin.<\/p>\n<p>&nbsp;<\/p>\n<p>Cr\u00e8me apaisante et \u00e9molliente pour la peau<\/p>\n<p>Avec l&#8217;Aloe vera, le panth\u00e9nol et le beurre de karit\u00e9 aident \u00e0 apaiser et hydrater la peau.<\/p>\n<p>L&#8217;HUILE D&#8217;AMANDE, l&#8217;huile de p\u00e9pins de raisin et l&#8217;huile de p\u00e9pins de carthame sont utilis\u00e9es pour adoucir la peau et former une tr\u00e8s fine couche agissant comme une barri\u00e8re pour prot\u00e9ger la peau.<\/p>\n<p>USAGE: Apply a suitable amount of HMA Panthenol skin cream on the skin with gentle massage when needed<\/p>\n<p>Utilisation : Appliquer une quantit\u00e9 appropri\u00e9e de HMA Panthenol skin cream sur la peau en massant doucement si n\u00e9cessaire<\/p>\n<p>\u0643\u064a\u0641\u064a\u0629 \u0627\u0644\u0627\u0633\u062a\u0639\u0645\u0627\u0644: \u062a\u0648\u0636\u0639 \u0643\u0645\u064a\u0629 \u0645\u0646\u0627\u0633\u0628\u0629 \u0645\u0646 \u0627\u0644\u0643\u0631\u064a\u0645 \u0639\u0644\u0649 \u0627\u0644\u062c\u0644\u062f \u0645\u0639 \u062a\u062f\u0644\u064a\u0643 \u0644\u0637\u064a\u0641 \u0639\u0646\u062f \u0627\u0644\u062d\u0627\u062c\u0629<\/p>\n<p>\u0643\u0631\u064a\u0645 \u0645\u0644\u0637\u0641 \u0648\u0645\u0631\u0637\u0628 \u0644\u0644\u0628\u0634\u0631\u0629<\/p>\n<p>Precaution &amp; storage<\/p>\n<p>For external use only<\/p>\n<p>Avoid contact with eyes<\/p>\n<p>Keep out of the reach of the children<\/p>\n<p>Keep at room temperature not exceeded 30 0c<\/p>\n<p>Pr\u00e9caution &amp; stockage<\/p>\n<p>Pour usage externe uniquement<\/p>\n<p>\u00c9viter le contact visuel<\/p>\n<p>Tenir hors de port\u00e9e des enfants<\/p>\n<p>Conserver \u00e0 temp\u00e9rature ambiante ne d\u00e9passant pas 30 oc<\/p>\n<p>Cosmetic product<\/p>\n<p><strong>EDA.Notification No.: 72009\/2021<\/strong><\/p>\n<p>Manufactured by Smartec for pharmaceuticals &amp; cosmetics for HMA pharma Group<\/p>\n<p>Made In Egypt<\/p>\n<p>&nbsp;<\/p>\n","protected":false},"excerpt":{"rendered":"<p><strong>\u0643\u0631\u064a\u0645 \u0645\u0644\u0637\u0641 \u0648\u0645\u0631\u0637\u0628 \u0644\u0644\u0628\u0634\u0631\u0629 50 \u062c\u0631\u0627\u0645<\/strong><\/p>\n","protected":false},"featured_media":26778,"comment_status":"open","ping_status":"closed","template":"","meta":{"inline_featured_image":false,"_themeisle_gutenberg_block_has_review":false},"product_cat":[74],"product_tag":[],"_links":{"self":[{"href":"https:\/\/hmapharmagroup.com\/hma\/index.php\/wp-json\/wp\/v2\/product\/26108"}],"collection":[{"href":"https:\/\/hmapharmagroup.com\/hma\/index.php\/wp-json\/wp\/v2\/product"}],"about":[{"href":"https:\/\/hmapharmagroup.com\/hma\/index.php\/wp-json\/wp\/v2\/types\/product"}],"replies":[{"embeddable":true,"href":"https:\/\/hmapharmagroup.com\/hma\/index.php\/wp-json\/wp\/v2\/comments?post=26108"}],"wp:featuredmedia":[{"embeddable":true,"href":"https:\/\/hmapharmagroup.com\/hma\/index.php\/wp-json\/wp\/v2\/media\/26778"}],"wp:attachment":[{"href":"https:\/\/hmapharmagroup.com\/hma\/index.php\/wp-json\/wp\/v2\/media?parent=26108"}],"wp:term":[{"taxonomy":"product_cat","embeddable":true,"href":"https:\/\/hmapharmagroup.com\/hma\/index.php\/wp-json\/wp\/v2\/product_cat?post=26108"},{"taxonomy":"product_tag","embeddable":true,"href":"https:\/\/hmapharmagroup.com\/hma\/index.php\/wp-json\/wp\/v2\/product_tag?post=26108"}],"curies":[{"name":"wp","href":"https:\/\/api.w.org\/{rel}","templated":true}]}}