{"id":26109,"date":"2023-07-01T18:18:23","date_gmt":"2023-07-01T18:18:23","guid":{"rendered":"https:\/\/hmapharmagroup.com\/hma\/?post_type=product&#038;p=26109"},"modified":"2024-08-10T09:28:59","modified_gmt":"2024-08-10T09:28:59","slug":"hma-panthenol-hair-cream","status":"publish","type":"product","link":"https:\/\/hmapharmagroup.com\/hma\/index.php\/product\/hma-panthenol-hair-cream\/","title":{"rendered":"Hma Panthenol Hair Cream"},"content":{"rendered":"<p>HMA Panthenol hair cream<\/p>\n<p>Ingredients<\/p>\n<p>PANTHENOL, JOJOBA OIL (SIMMONDSIA CHINENSIS SEED OIL), BIOTIN, CAFFEINE, ALOE VERA EXTRACT ( ALOE BARBADENSIS EXTRACT), DIMETHICONE, SODIUM BENZOATE, STEARIC ACID, GLYCERIN, POLYSORBATE 80, PARFUM, Eruca sativa seed extract, Wheat germ oil, Peppermint oil, AQUA.<\/p>\n<p>Ingr\u00e9dients<\/p>\n<p>PANTH\u00c9NOL, HUILE DE JOJOBA (HUILE DE GRAINES DE SIMMONDSIA CHINENSIS), BIOTINE, CAF\u00c9INE, EXTRAIT D&#8217;ALOE VERA (EXTRAIT D&#8217;ALOE BARBADENSIS), DIM\u00c9THICONE, BENZOATE DE SODIUM, ACIDE ST\u00c9ARIQUE, GLYC\u00c9RINE, POLYSORBATE 80, PARFUM, Extrait de graines d&#8217;Eruca sativa, Huile de germe de bl\u00e9, Huile de menthe poivr\u00e9e , AQUA.<\/p>\n<p>HMA Panthenol hair cream<\/p>\n<p>hair moisturizing \u00a0cream<\/p>\n<p>Panthenol: envelops hair strands and keeps moisture inside, which makes hair more moisturized and less brittle and frizzy.<\/p>\n<p>Caffeine: Helps stimulate hair growth and fight hair loss.<\/p>\n<p>Jojoba oil: helps moisturize the scalp, combat dryness and dandruff, and nourishes the hair.<\/p>\n<p>cr\u00e8me hydratante cheveux<\/p>\n<p>Panth\u00e9nol : enveloppe les m\u00e8ches de cheveux et maintient l&#8217;humidit\u00e9 \u00e0 l&#8217;int\u00e9rieur, ce qui rend les cheveux plus hydrat\u00e9s et moins cassants et cr\u00e9pus.<\/p>\n<p>Caf\u00e9ine : Aide \u00e0 stimuler la croissance des cheveux et \u00e0 lutter contre la chute des cheveux.<\/p>\n<p>Huile de jojoba : aide \u00e0 hydrater le cuir chevelu, \u00e0 lutter contre le dess\u00e8chement et les pellicules, et \u00e0 nourrir les cheveux.<\/p>\n<p>Benefits:<\/p>\n<p>The cream helps moisturize the hair.<\/p>\n<p>The cream improves the appearance of brittle and frizzy hair.<\/p>\n<p>The cream helps to style the hair.<\/p>\n<p>It may help reduce hair loss.<\/p>\n<p>Avantages:<\/p>\n<p>La cr\u00e8me aide \u00e0 hydrater les cheveux.<\/p>\n<p>La cr\u00e8me am\u00e9liore l&#8217;apparence des cheveux cassants et cr\u00e9pus.<\/p>\n<p>La cr\u00e8me aide \u00e0 coiffer les cheveux.<\/p>\n<p>Cela peut aider \u00e0 r\u00e9duire la perte de cheveux.<\/p>\n<p>USAGE: Apply a suitable amount of HMA Panthenol hair cream on the skin with gentle massage when needed<\/p>\n<p>Utilisation : Appliquer une quantit\u00e9 appropri\u00e9e de HMA Panthenol hair cream sur la peau en massant doucement si n\u00e9cessaire<\/p>\n<p>\u0643\u064a\u0641\u064a\u0629 \u0627\u0644\u0627\u0633\u062a\u0639\u0645\u0627\u0644: \u062a\u0648\u0636\u0639 \u0643\u0645\u064a\u0629 \u0645\u0646\u0627\u0633\u0628\u0629 \u0645\u0646 \u0627\u0644\u0643\u0631\u064a\u0645 \u0639\u0644\u0649 \u0627\u0644\u0634\u0639\u0631 \u0645\u0639 \u062a\u062f\u0644\u064a\u0643 \u0644\u0637\u064a\u0641 \u0639\u0646\u062f \u0627\u0644\u062d\u0627\u062c\u0629<\/p>\n<p>\u0643\u0631\u064a\u0645 \u0645\u0631\u0637\u0628 \u0644\u0644\u0634\u0639\u0631<\/p>\n<p>Precaution &amp; storage<\/p>\n<p>For external use only<\/p>\n<p>Avoid contact with eyes<\/p>\n<p>Keep out of the reach of the children<\/p>\n<p>Keep at room temperature not exceeded 30 0c<\/p>\n<p>&nbsp;<\/p>\n<p>Pr\u00e9caution &amp; stockage<\/p>\n<p>Pour usage externe uniquement<\/p>\n<p>\u00c9viter le contact visuel<\/p>\n<p>Tenir hors de port\u00e9e des enfants<\/p>\n<p>Conserver \u00e0 temp\u00e9rature ambiante ne d\u00e9passant pas 30 oc<\/p>\n<p>Cosmetic product<\/p>\n<p><strong>EDA.Notification No.: 66252\/2021\u00a0<\/strong><\/p>\n<p>Manufactured by Smartec for pharmaceuticals &amp; cosmetics for HMA pharma Group<\/p>\n<p>Made In Egypt<\/p>\n","protected":false},"excerpt":{"rendered":"<p>\u0643\u0631\u064a\u0645 \u0645\u0631\u0637\u0628 \u0644\u0644\u0634\u0639\u0631\u00a0 100\u062c\u0631\u0627\u0645<\/p>\n","protected":false},"featured_media":26781,"comment_status":"open","ping_status":"closed","template":"","meta":{"inline_featured_image":false,"_themeisle_gutenberg_block_has_review":false},"product_cat":[74],"product_tag":[],"_links":{"self":[{"href":"https:\/\/hmapharmagroup.com\/hma\/index.php\/wp-json\/wp\/v2\/product\/26109"}],"collection":[{"href":"https:\/\/hmapharmagroup.com\/hma\/index.php\/wp-json\/wp\/v2\/product"}],"about":[{"href":"https:\/\/hmapharmagroup.com\/hma\/index.php\/wp-json\/wp\/v2\/types\/product"}],"replies":[{"embeddable":true,"href":"https:\/\/hmapharmagroup.com\/hma\/index.php\/wp-json\/wp\/v2\/comments?post=26109"}],"wp:featuredmedia":[{"embeddable":true,"href":"https:\/\/hmapharmagroup.com\/hma\/index.php\/wp-json\/wp\/v2\/media\/26781"}],"wp:attachment":[{"href":"https:\/\/hmapharmagroup.com\/hma\/index.php\/wp-json\/wp\/v2\/media?parent=26109"}],"wp:term":[{"taxonomy":"product_cat","embeddable":true,"href":"https:\/\/hmapharmagroup.com\/hma\/index.php\/wp-json\/wp\/v2\/product_cat?post=26109"},{"taxonomy":"product_tag","embeddable":true,"href":"https:\/\/hmapharmagroup.com\/hma\/index.php\/wp-json\/wp\/v2\/product_tag?post=26109"}],"curies":[{"name":"wp","href":"https:\/\/api.w.org\/{rel}","templated":true}]}}